{"id":110,"date":"2015-11-10T23:37:01","date_gmt":"2015-11-11T02:37:01","guid":{"rendered":"http:\/\/saaepar.org\/wp\/?page_id=110"},"modified":"2015-11-10T23:37:01","modified_gmt":"2015-11-11T02:37:01","slug":"francisco-beltrao","status":"publish","type":"page","link":"https:\/\/saaepar.org\/index.php\/francisco-beltrao\/","title":{"rendered":"Francisco Beltr\u00e3o"},"content":{"rendered":"<h4>SINDECONFAB \u2013 Sindicato Dos Empregados nas Ind\u00fastrias Do Vestu\u00e1rio e Confec\u00e7\u00e3o Em Geral de Francisco Beltr\u00e3o<\/h4>\n<p>Av. Pref\u00ba Guiomar Lopes, 555 \u2013 Centro<br \/>\nCEP: 85602-510\u2013Francisco Beltr\u00e3o \u2013 PR<br \/>\nfone: 46 3523-3516<\/p>\n","protected":false},"excerpt":{"rendered":"<p>SINDECONFAB \u2013 Sindicato Dos Empregados nas Ind\u00fastrias Do Vestu\u00e1rio e Confec\u00e7\u00e3o Em Geral de Francisco Beltr\u00e3o Av. Pref\u00ba Guiomar Lopes, 555 \u2013 Centro CEP: 85602-510\u2013Francisco Beltr\u00e3o \u2013 PR fone: 46 3523-3516<\/p>\n","protected":false},"author":1,"featured_media":0,"parent":0,"menu_order":0,"comment_status":"closed","ping_status":"closed","template":"","meta":{"footnotes":""},"yoast_head":"<!-- This site is optimized with the Yoast SEO plugin v21.1 - https:\/\/yoast.com\/wordpress\/plugins\/seo\/ -->\n<title>Francisco Beltr\u00e3o - SAAEPAR<\/title>\n<meta name=\"robots\" content=\"index, follow, max-snippet:-1, max-image-preview:large, max-video-preview:-1\" \/>\n<link rel=\"canonical\" href=\"https:\/\/saaepar.org\/index.php\/francisco-beltrao\/\" \/>\n<meta property=\"og:locale\" content=\"pt_BR\" \/>\n<meta property=\"og:type\" content=\"article\" \/>\n<meta property=\"og:title\" content=\"Francisco Beltr\u00e3o - SAAEPAR\" \/>\n<meta property=\"og:description\" content=\"SINDECONFAB \u2013 Sindicato Dos Empregados nas Ind\u00fastrias Do Vestu\u00e1rio e Confec\u00e7\u00e3o Em Geral de Francisco Beltr\u00e3o Av. Pref\u00ba Guiomar Lopes, 555 \u2013 Centro CEP: 85602-510\u2013Francisco Beltr\u00e3o \u2013 PR fone: 46 3523-3516\" \/>\n<meta property=\"og:url\" content=\"https:\/\/saaepar.org\/index.php\/francisco-beltrao\/\" \/>\n<meta property=\"og:site_name\" content=\"SAAEPAR\" \/>\n<meta name=\"twitter:card\" content=\"summary_large_image\" \/>\n<script type=\"application\/ld+json\" class=\"yoast-schema-graph\">{\"@context\":\"https:\/\/schema.org\",\"@graph\":[{\"@type\":\"WebPage\",\"@id\":\"https:\/\/saaepar.org\/index.php\/francisco-beltrao\/\",\"url\":\"https:\/\/saaepar.org\/index.php\/francisco-beltrao\/\",\"name\":\"Francisco Beltr\u00e3o - SAAEPAR\",\"isPartOf\":{\"@id\":\"https:\/\/saaepar.org\/#website\"},\"datePublished\":\"2015-11-11T02:37:01+00:00\",\"dateModified\":\"2015-11-11T02:37:01+00:00\",\"breadcrumb\":{\"@id\":\"https:\/\/saaepar.org\/index.php\/francisco-beltrao\/#breadcrumb\"},\"inLanguage\":\"pt-BR\",\"potentialAction\":[{\"@type\":\"ReadAction\",\"target\":[\"https:\/\/saaepar.org\/index.php\/francisco-beltrao\/\"]}]},{\"@type\":\"BreadcrumbList\",\"@id\":\"https:\/\/saaepar.org\/index.php\/francisco-beltrao\/#breadcrumb\",\"itemListElement\":[{\"@type\":\"ListItem\",\"position\":1,\"name\":\"In\u00edcio\",\"item\":\"https:\/\/saaepar.org\/\"},{\"@type\":\"ListItem\",\"position\":2,\"name\":\"Francisco Beltr\u00e3o\"}]},{\"@type\":\"WebSite\",\"@id\":\"https:\/\/saaepar.org\/#website\",\"url\":\"https:\/\/saaepar.org\/\",\"name\":\"SAAEPAR\",\"description\":\"Sindicato\",\"publisher\":{\"@id\":\"https:\/\/saaepar.org\/#organization\"},\"potentialAction\":[{\"@type\":\"SearchAction\",\"target\":{\"@type\":\"EntryPoint\",\"urlTemplate\":\"https:\/\/saaepar.org\/?s={search_term_string}\"},\"query-input\":\"required name=search_term_string\"}],\"inLanguage\":\"pt-BR\"},{\"@type\":\"Organization\",\"@id\":\"https:\/\/saaepar.org\/#organization\",\"name\":\"Saaepar\",\"url\":\"https:\/\/saaepar.org\/\",\"logo\":{\"@type\":\"ImageObject\",\"inLanguage\":\"pt-BR\",\"@id\":\"https:\/\/saaepar.org\/#\/schema\/logo\/image\/\",\"url\":\"http:\/\/saaepar.org\/wp\/wp-content\/uploads\/2016\/07\/logo_saaepar_150x149.jpg\",\"contentUrl\":\"http:\/\/saaepar.org\/wp\/wp-content\/uploads\/2016\/07\/logo_saaepar_150x149.jpg\",\"width\":150,\"height\":149,\"caption\":\"Saaepar\"},\"image\":{\"@id\":\"https:\/\/saaepar.org\/#\/schema\/logo\/image\/\"}}]}<\/script>\n<!-- \/ Yoast SEO plugin. -->","yoast_head_json":{"title":"Francisco Beltr\u00e3o - SAAEPAR","robots":{"index":"index","follow":"follow","max-snippet":"max-snippet:-1","max-image-preview":"max-image-preview:large","max-video-preview":"max-video-preview:-1"},"canonical":"https:\/\/saaepar.org\/index.php\/francisco-beltrao\/","og_locale":"pt_BR","og_type":"article","og_title":"Francisco Beltr\u00e3o - SAAEPAR","og_description":"SINDECONFAB \u2013 Sindicato Dos Empregados nas Ind\u00fastrias Do Vestu\u00e1rio e Confec\u00e7\u00e3o Em Geral de Francisco Beltr\u00e3o Av. Pref\u00ba Guiomar Lopes, 555 \u2013 Centro CEP: 85602-510\u2013Francisco Beltr\u00e3o \u2013 PR fone: 46 3523-3516","og_url":"https:\/\/saaepar.org\/index.php\/francisco-beltrao\/","og_site_name":"SAAEPAR","twitter_card":"summary_large_image","schema":{"@context":"https:\/\/schema.org","@graph":[{"@type":"WebPage","@id":"https:\/\/saaepar.org\/index.php\/francisco-beltrao\/","url":"https:\/\/saaepar.org\/index.php\/francisco-beltrao\/","name":"Francisco Beltr\u00e3o - SAAEPAR","isPartOf":{"@id":"https:\/\/saaepar.org\/#website"},"datePublished":"2015-11-11T02:37:01+00:00","dateModified":"2015-11-11T02:37:01+00:00","breadcrumb":{"@id":"https:\/\/saaepar.org\/index.php\/francisco-beltrao\/#breadcrumb"},"inLanguage":"pt-BR","potentialAction":[{"@type":"ReadAction","target":["https:\/\/saaepar.org\/index.php\/francisco-beltrao\/"]}]},{"@type":"BreadcrumbList","@id":"https:\/\/saaepar.org\/index.php\/francisco-beltrao\/#breadcrumb","itemListElement":[{"@type":"ListItem","position":1,"name":"In\u00edcio","item":"https:\/\/saaepar.org\/"},{"@type":"ListItem","position":2,"name":"Francisco Beltr\u00e3o"}]},{"@type":"WebSite","@id":"https:\/\/saaepar.org\/#website","url":"https:\/\/saaepar.org\/","name":"SAAEPAR","description":"Sindicato","publisher":{"@id":"https:\/\/saaepar.org\/#organization"},"potentialAction":[{"@type":"SearchAction","target":{"@type":"EntryPoint","urlTemplate":"https:\/\/saaepar.org\/?s={search_term_string}"},"query-input":"required name=search_term_string"}],"inLanguage":"pt-BR"},{"@type":"Organization","@id":"https:\/\/saaepar.org\/#organization","name":"Saaepar","url":"https:\/\/saaepar.org\/","logo":{"@type":"ImageObject","inLanguage":"pt-BR","@id":"https:\/\/saaepar.org\/#\/schema\/logo\/image\/","url":"http:\/\/saaepar.org\/wp\/wp-content\/uploads\/2016\/07\/logo_saaepar_150x149.jpg","contentUrl":"http:\/\/saaepar.org\/wp\/wp-content\/uploads\/2016\/07\/logo_saaepar_150x149.jpg","width":150,"height":149,"caption":"Saaepar"},"image":{"@id":"https:\/\/saaepar.org\/#\/schema\/logo\/image\/"}}]}},"_links":{"self":[{"href":"https:\/\/saaepar.org\/index.php\/wp-json\/wp\/v2\/pages\/110"}],"collection":[{"href":"https:\/\/saaepar.org\/index.php\/wp-json\/wp\/v2\/pages"}],"about":[{"href":"https:\/\/saaepar.org\/index.php\/wp-json\/wp\/v2\/types\/page"}],"author":[{"embeddable":true,"href":"https:\/\/saaepar.org\/index.php\/wp-json\/wp\/v2\/users\/1"}],"replies":[{"embeddable":true,"href":"https:\/\/saaepar.org\/index.php\/wp-json\/wp\/v2\/comments?post=110"}],"version-history":[{"count":0,"href":"https:\/\/saaepar.org\/index.php\/wp-json\/wp\/v2\/pages\/110\/revisions"}],"wp:attachment":[{"href":"https:\/\/saaepar.org\/index.php\/wp-json\/wp\/v2\/media?parent=110"}],"curies":[{"name":"wp","href":"https:\/\/api.w.org\/{rel}","templated":true}]}}