{"id":114,"date":"2015-11-10T23:39:14","date_gmt":"2015-11-11T02:39:14","guid":{"rendered":"http:\/\/saaepar.org\/wp\/?page_id=114"},"modified":"2015-11-10T23:39:14","modified_gmt":"2015-11-11T02:39:14","slug":"ponta-grossa","status":"publish","type":"page","link":"https:\/\/saaepar.org\/index.php\/ponta-grossa\/","title":{"rendered":"Ponta Grossa"},"content":{"rendered":"<h4><strong>FETIEP \u2013 FEDERA\u00c7\u00c3O DOS TRABALHADORES NAS IND\u00daSTRIAS ESTADO PARANA<\/strong><\/h4>\n<p>Rua Tobias monteiro, 36 \u2013 sala t\u00e9rrea<br \/>\nedif\u00edcio Lancaster \u2013 centro 84010-590 \u2013 ponta grossa<br \/>\nfone: 042 3222-3986<\/p>\n","protected":false},"excerpt":{"rendered":"<p>FETIEP \u2013 FEDERA\u00c7\u00c3O DOS TRABALHADORES NAS IND\u00daSTRIAS ESTADO PARANA Rua Tobias monteiro, 36 \u2013 sala t\u00e9rrea edif\u00edcio Lancaster \u2013 centro 84010-590 \u2013 ponta grossa fone: 042 3222-3986<\/p>\n","protected":false},"author":1,"featured_media":0,"parent":0,"menu_order":0,"comment_status":"closed","ping_status":"closed","template":"","meta":{"footnotes":""},"yoast_head":"<!-- This site is optimized with the Yoast SEO plugin v21.1 - https:\/\/yoast.com\/wordpress\/plugins\/seo\/ -->\n<title>Ponta Grossa - SAAEPAR<\/title>\n<meta name=\"robots\" content=\"index, follow, max-snippet:-1, max-image-preview:large, max-video-preview:-1\" \/>\n<link rel=\"canonical\" href=\"https:\/\/saaepar.org\/index.php\/ponta-grossa\/\" \/>\n<meta property=\"og:locale\" content=\"pt_BR\" \/>\n<meta property=\"og:type\" content=\"article\" \/>\n<meta property=\"og:title\" content=\"Ponta Grossa - SAAEPAR\" \/>\n<meta property=\"og:description\" content=\"FETIEP \u2013 FEDERA\u00c7\u00c3O DOS TRABALHADORES NAS IND\u00daSTRIAS ESTADO PARANA Rua Tobias monteiro, 36 \u2013 sala t\u00e9rrea edif\u00edcio Lancaster \u2013 centro 84010-590 \u2013 ponta grossa fone: 042 3222-3986\" \/>\n<meta property=\"og:url\" content=\"https:\/\/saaepar.org\/index.php\/ponta-grossa\/\" \/>\n<meta property=\"og:site_name\" content=\"SAAEPAR\" \/>\n<meta name=\"twitter:card\" content=\"summary_large_image\" \/>\n<script type=\"application\/ld+json\" class=\"yoast-schema-graph\">{\"@context\":\"https:\/\/schema.org\",\"@graph\":[{\"@type\":\"WebPage\",\"@id\":\"https:\/\/saaepar.org\/index.php\/ponta-grossa\/\",\"url\":\"https:\/\/saaepar.org\/index.php\/ponta-grossa\/\",\"name\":\"Ponta Grossa - SAAEPAR\",\"isPartOf\":{\"@id\":\"https:\/\/saaepar.org\/#website\"},\"datePublished\":\"2015-11-11T02:39:14+00:00\",\"dateModified\":\"2015-11-11T02:39:14+00:00\",\"breadcrumb\":{\"@id\":\"https:\/\/saaepar.org\/index.php\/ponta-grossa\/#breadcrumb\"},\"inLanguage\":\"pt-BR\",\"potentialAction\":[{\"@type\":\"ReadAction\",\"target\":[\"https:\/\/saaepar.org\/index.php\/ponta-grossa\/\"]}]},{\"@type\":\"BreadcrumbList\",\"@id\":\"https:\/\/saaepar.org\/index.php\/ponta-grossa\/#breadcrumb\",\"itemListElement\":[{\"@type\":\"ListItem\",\"position\":1,\"name\":\"In\u00edcio\",\"item\":\"https:\/\/saaepar.org\/\"},{\"@type\":\"ListItem\",\"position\":2,\"name\":\"Ponta Grossa\"}]},{\"@type\":\"WebSite\",\"@id\":\"https:\/\/saaepar.org\/#website\",\"url\":\"https:\/\/saaepar.org\/\",\"name\":\"SAAEPAR\",\"description\":\"Sindicato\",\"publisher\":{\"@id\":\"https:\/\/saaepar.org\/#organization\"},\"potentialAction\":[{\"@type\":\"SearchAction\",\"target\":{\"@type\":\"EntryPoint\",\"urlTemplate\":\"https:\/\/saaepar.org\/?s={search_term_string}\"},\"query-input\":\"required name=search_term_string\"}],\"inLanguage\":\"pt-BR\"},{\"@type\":\"Organization\",\"@id\":\"https:\/\/saaepar.org\/#organization\",\"name\":\"Saaepar\",\"url\":\"https:\/\/saaepar.org\/\",\"logo\":{\"@type\":\"ImageObject\",\"inLanguage\":\"pt-BR\",\"@id\":\"https:\/\/saaepar.org\/#\/schema\/logo\/image\/\",\"url\":\"http:\/\/saaepar.org\/wp\/wp-content\/uploads\/2016\/07\/logo_saaepar_150x149.jpg\",\"contentUrl\":\"http:\/\/saaepar.org\/wp\/wp-content\/uploads\/2016\/07\/logo_saaepar_150x149.jpg\",\"width\":150,\"height\":149,\"caption\":\"Saaepar\"},\"image\":{\"@id\":\"https:\/\/saaepar.org\/#\/schema\/logo\/image\/\"}}]}<\/script>\n<!-- \/ Yoast SEO plugin. -->","yoast_head_json":{"title":"Ponta Grossa - SAAEPAR","robots":{"index":"index","follow":"follow","max-snippet":"max-snippet:-1","max-image-preview":"max-image-preview:large","max-video-preview":"max-video-preview:-1"},"canonical":"https:\/\/saaepar.org\/index.php\/ponta-grossa\/","og_locale":"pt_BR","og_type":"article","og_title":"Ponta Grossa - SAAEPAR","og_description":"FETIEP \u2013 FEDERA\u00c7\u00c3O DOS TRABALHADORES NAS IND\u00daSTRIAS ESTADO PARANA Rua Tobias monteiro, 36 \u2013 sala t\u00e9rrea edif\u00edcio Lancaster \u2013 centro 84010-590 \u2013 ponta grossa fone: 042 3222-3986","og_url":"https:\/\/saaepar.org\/index.php\/ponta-grossa\/","og_site_name":"SAAEPAR","twitter_card":"summary_large_image","schema":{"@context":"https:\/\/schema.org","@graph":[{"@type":"WebPage","@id":"https:\/\/saaepar.org\/index.php\/ponta-grossa\/","url":"https:\/\/saaepar.org\/index.php\/ponta-grossa\/","name":"Ponta Grossa - SAAEPAR","isPartOf":{"@id":"https:\/\/saaepar.org\/#website"},"datePublished":"2015-11-11T02:39:14+00:00","dateModified":"2015-11-11T02:39:14+00:00","breadcrumb":{"@id":"https:\/\/saaepar.org\/index.php\/ponta-grossa\/#breadcrumb"},"inLanguage":"pt-BR","potentialAction":[{"@type":"ReadAction","target":["https:\/\/saaepar.org\/index.php\/ponta-grossa\/"]}]},{"@type":"BreadcrumbList","@id":"https:\/\/saaepar.org\/index.php\/ponta-grossa\/#breadcrumb","itemListElement":[{"@type":"ListItem","position":1,"name":"In\u00edcio","item":"https:\/\/saaepar.org\/"},{"@type":"ListItem","position":2,"name":"Ponta Grossa"}]},{"@type":"WebSite","@id":"https:\/\/saaepar.org\/#website","url":"https:\/\/saaepar.org\/","name":"SAAEPAR","description":"Sindicato","publisher":{"@id":"https:\/\/saaepar.org\/#organization"},"potentialAction":[{"@type":"SearchAction","target":{"@type":"EntryPoint","urlTemplate":"https:\/\/saaepar.org\/?s={search_term_string}"},"query-input":"required name=search_term_string"}],"inLanguage":"pt-BR"},{"@type":"Organization","@id":"https:\/\/saaepar.org\/#organization","name":"Saaepar","url":"https:\/\/saaepar.org\/","logo":{"@type":"ImageObject","inLanguage":"pt-BR","@id":"https:\/\/saaepar.org\/#\/schema\/logo\/image\/","url":"http:\/\/saaepar.org\/wp\/wp-content\/uploads\/2016\/07\/logo_saaepar_150x149.jpg","contentUrl":"http:\/\/saaepar.org\/wp\/wp-content\/uploads\/2016\/07\/logo_saaepar_150x149.jpg","width":150,"height":149,"caption":"Saaepar"},"image":{"@id":"https:\/\/saaepar.org\/#\/schema\/logo\/image\/"}}]}},"_links":{"self":[{"href":"https:\/\/saaepar.org\/index.php\/wp-json\/wp\/v2\/pages\/114"}],"collection":[{"href":"https:\/\/saaepar.org\/index.php\/wp-json\/wp\/v2\/pages"}],"about":[{"href":"https:\/\/saaepar.org\/index.php\/wp-json\/wp\/v2\/types\/page"}],"author":[{"embeddable":true,"href":"https:\/\/saaepar.org\/index.php\/wp-json\/wp\/v2\/users\/1"}],"replies":[{"embeddable":true,"href":"https:\/\/saaepar.org\/index.php\/wp-json\/wp\/v2\/comments?post=114"}],"version-history":[{"count":0,"href":"https:\/\/saaepar.org\/index.php\/wp-json\/wp\/v2\/pages\/114\/revisions"}],"wp:attachment":[{"href":"https:\/\/saaepar.org\/index.php\/wp-json\/wp\/v2\/media?parent=114"}],"curies":[{"name":"wp","href":"https:\/\/api.w.org\/{rel}","templated":true}]}}