{"id":147,"date":"2015-11-27T17:50:34","date_gmt":"2015-11-27T20:50:34","guid":{"rendered":"http:\/\/saaepar.org\/wp\/?page_id=147"},"modified":"2016-07-13T19:46:55","modified_gmt":"2016-07-13T22:46:55","slug":"filiacao","status":"publish","type":"page","link":"https:\/\/saaepar.org\/index.php\/filiacao\/","title":{"rendered":"Filia\u00e7\u00e3o"},"content":{"rendered":"<div id=\"informacao_topo\">\n<h1>Filia\u00e7\u00e3o<\/h1>\n<p>Filiando-se ao seu Sindicato voc\u00ea ajuda a fortalecer e ampliar a representa\u00e7\u00e3o da categoria. Participando ativamente na luta sindical que tem como objetivo reivindicar melhores condi\u00e7\u00f5es de trabalho para todos.<\/p>\n<p>A nossa luta consiste em promover mudan\u00e7as que venham a beneficiar toda a classe trabalhadora e para que essa luta continue, precisamos da sua participa\u00e7\u00e3o.<\/p>\n<p>Atrav\u00e9s da filia\u00e7\u00e3o voc\u00ea tamb\u00e9m pode usufruir de servi\u00e7os tais como;<br \/>\nAssessoria jur\u00eddica, acompanhamento rescis\u00f3rio, conv\u00eanios m\u00e9dicos, col\u00f4nia de f\u00e9rias e descontos em diversos estabelecimentos atrav\u00e9s do cart\u00e3o do Clube de Descontos SAAEPAR.<\/p>\n<p>Fa\u00e7a sua parte, junte-se ao SAAEPAR nessa luta.<\/p>\n<p>Preencha a ficha abaixo e, no final, clique em \u201cGerar formato para impress\u00e3o\u201d, imprima, assine e envie para o SAAEPAR. Ou, se preferir, <a title=\"Ficha de filia\u00e7\u00e3o em PDF\" href=\"http:\/\/www.saaepar.org\/wordpress\/wp-content\/uploads\/2011\/12\/filiacao.pdf\" target=\"_blank\">clique aqui<\/a> e baixe a vers\u00e3o da ficha em PDF para preenchimento manual.<\/p>\n<hr \/>\n<\/div>\n<p>[sitepoint_contact_form]<\/p>\n","protected":false},"excerpt":{"rendered":"<p>Filia\u00e7\u00e3o Filiando-se ao seu Sindicato voc\u00ea ajuda a fortalecer e ampliar a representa\u00e7\u00e3o da categoria. Participando ativamente na luta sindical que tem como objetivo reivindicar melhores condi\u00e7\u00f5es de trabalho para todos. A nossa luta consiste em promover mudan\u00e7as que venham a beneficiar toda a classe trabalhadora e para que essa luta continue, precisamos da sua [&hellip;]<\/p>\n","protected":false},"author":1,"featured_media":0,"parent":0,"menu_order":0,"comment_status":"closed","ping_status":"closed","template":"","meta":{"footnotes":""},"yoast_head":"<!-- This site is optimized with the Yoast SEO plugin v21.1 - https:\/\/yoast.com\/wordpress\/plugins\/seo\/ -->\n<title>Filia\u00e7\u00e3o - SAAEPAR<\/title>\n<meta name=\"robots\" content=\"index, follow, max-snippet:-1, max-image-preview:large, max-video-preview:-1\" \/>\n<link rel=\"canonical\" href=\"https:\/\/saaepar.org\/index.php\/filiacao\/\" \/>\n<meta property=\"og:locale\" content=\"pt_BR\" \/>\n<meta property=\"og:type\" content=\"article\" \/>\n<meta property=\"og:title\" content=\"Filia\u00e7\u00e3o - SAAEPAR\" \/>\n<meta property=\"og:description\" content=\"Filia\u00e7\u00e3o Filiando-se ao seu Sindicato voc\u00ea ajuda a fortalecer e ampliar a representa\u00e7\u00e3o da categoria. Participando ativamente na luta sindical que tem como objetivo reivindicar melhores condi\u00e7\u00f5es de trabalho para todos. A nossa luta consiste em promover mudan\u00e7as que venham a beneficiar toda a classe trabalhadora e para que essa luta continue, precisamos da sua [&hellip;]\" \/>\n<meta property=\"og:url\" content=\"https:\/\/saaepar.org\/index.php\/filiacao\/\" \/>\n<meta property=\"og:site_name\" content=\"SAAEPAR\" \/>\n<meta property=\"article:modified_time\" content=\"2016-07-13T22:46:55+00:00\" \/>\n<meta name=\"twitter:card\" content=\"summary_large_image\" \/>\n<meta name=\"twitter:label1\" content=\"Est. tempo de leitura\" \/>\n\t<meta name=\"twitter:data1\" content=\"1 minuto\" \/>\n<script type=\"application\/ld+json\" class=\"yoast-schema-graph\">{\"@context\":\"https:\/\/schema.org\",\"@graph\":[{\"@type\":\"WebPage\",\"@id\":\"https:\/\/saaepar.org\/index.php\/filiacao\/\",\"url\":\"https:\/\/saaepar.org\/index.php\/filiacao\/\",\"name\":\"Filia\u00e7\u00e3o - SAAEPAR\",\"isPartOf\":{\"@id\":\"https:\/\/saaepar.org\/#website\"},\"datePublished\":\"2015-11-27T20:50:34+00:00\",\"dateModified\":\"2016-07-13T22:46:55+00:00\",\"breadcrumb\":{\"@id\":\"https:\/\/saaepar.org\/index.php\/filiacao\/#breadcrumb\"},\"inLanguage\":\"pt-BR\",\"potentialAction\":[{\"@type\":\"ReadAction\",\"target\":[\"https:\/\/saaepar.org\/index.php\/filiacao\/\"]}]},{\"@type\":\"BreadcrumbList\",\"@id\":\"https:\/\/saaepar.org\/index.php\/filiacao\/#breadcrumb\",\"itemListElement\":[{\"@type\":\"ListItem\",\"position\":1,\"name\":\"In\u00edcio\",\"item\":\"https:\/\/saaepar.org\/\"},{\"@type\":\"ListItem\",\"position\":2,\"name\":\"Filia\u00e7\u00e3o\"}]},{\"@type\":\"WebSite\",\"@id\":\"https:\/\/saaepar.org\/#website\",\"url\":\"https:\/\/saaepar.org\/\",\"name\":\"SAAEPAR\",\"description\":\"Sindicato\",\"publisher\":{\"@id\":\"https:\/\/saaepar.org\/#organization\"},\"potentialAction\":[{\"@type\":\"SearchAction\",\"target\":{\"@type\":\"EntryPoint\",\"urlTemplate\":\"https:\/\/saaepar.org\/?s={search_term_string}\"},\"query-input\":\"required name=search_term_string\"}],\"inLanguage\":\"pt-BR\"},{\"@type\":\"Organization\",\"@id\":\"https:\/\/saaepar.org\/#organization\",\"name\":\"Saaepar\",\"url\":\"https:\/\/saaepar.org\/\",\"logo\":{\"@type\":\"ImageObject\",\"inLanguage\":\"pt-BR\",\"@id\":\"https:\/\/saaepar.org\/#\/schema\/logo\/image\/\",\"url\":\"http:\/\/saaepar.org\/wp\/wp-content\/uploads\/2016\/07\/logo_saaepar_150x149.jpg\",\"contentUrl\":\"http:\/\/saaepar.org\/wp\/wp-content\/uploads\/2016\/07\/logo_saaepar_150x149.jpg\",\"width\":150,\"height\":149,\"caption\":\"Saaepar\"},\"image\":{\"@id\":\"https:\/\/saaepar.org\/#\/schema\/logo\/image\/\"}}]}<\/script>\n<!-- \/ Yoast SEO plugin. -->","yoast_head_json":{"title":"Filia\u00e7\u00e3o - SAAEPAR","robots":{"index":"index","follow":"follow","max-snippet":"max-snippet:-1","max-image-preview":"max-image-preview:large","max-video-preview":"max-video-preview:-1"},"canonical":"https:\/\/saaepar.org\/index.php\/filiacao\/","og_locale":"pt_BR","og_type":"article","og_title":"Filia\u00e7\u00e3o - SAAEPAR","og_description":"Filia\u00e7\u00e3o Filiando-se ao seu Sindicato voc\u00ea ajuda a fortalecer e ampliar a representa\u00e7\u00e3o da categoria. Participando ativamente na luta sindical que tem como objetivo reivindicar melhores condi\u00e7\u00f5es de trabalho para todos. A nossa luta consiste em promover mudan\u00e7as que venham a beneficiar toda a classe trabalhadora e para que essa luta continue, precisamos da sua [&hellip;]","og_url":"https:\/\/saaepar.org\/index.php\/filiacao\/","og_site_name":"SAAEPAR","article_modified_time":"2016-07-13T22:46:55+00:00","twitter_card":"summary_large_image","twitter_misc":{"Est. tempo de leitura":"1 minuto"},"schema":{"@context":"https:\/\/schema.org","@graph":[{"@type":"WebPage","@id":"https:\/\/saaepar.org\/index.php\/filiacao\/","url":"https:\/\/saaepar.org\/index.php\/filiacao\/","name":"Filia\u00e7\u00e3o - SAAEPAR","isPartOf":{"@id":"https:\/\/saaepar.org\/#website"},"datePublished":"2015-11-27T20:50:34+00:00","dateModified":"2016-07-13T22:46:55+00:00","breadcrumb":{"@id":"https:\/\/saaepar.org\/index.php\/filiacao\/#breadcrumb"},"inLanguage":"pt-BR","potentialAction":[{"@type":"ReadAction","target":["https:\/\/saaepar.org\/index.php\/filiacao\/"]}]},{"@type":"BreadcrumbList","@id":"https:\/\/saaepar.org\/index.php\/filiacao\/#breadcrumb","itemListElement":[{"@type":"ListItem","position":1,"name":"In\u00edcio","item":"https:\/\/saaepar.org\/"},{"@type":"ListItem","position":2,"name":"Filia\u00e7\u00e3o"}]},{"@type":"WebSite","@id":"https:\/\/saaepar.org\/#website","url":"https:\/\/saaepar.org\/","name":"SAAEPAR","description":"Sindicato","publisher":{"@id":"https:\/\/saaepar.org\/#organization"},"potentialAction":[{"@type":"SearchAction","target":{"@type":"EntryPoint","urlTemplate":"https:\/\/saaepar.org\/?s={search_term_string}"},"query-input":"required name=search_term_string"}],"inLanguage":"pt-BR"},{"@type":"Organization","@id":"https:\/\/saaepar.org\/#organization","name":"Saaepar","url":"https:\/\/saaepar.org\/","logo":{"@type":"ImageObject","inLanguage":"pt-BR","@id":"https:\/\/saaepar.org\/#\/schema\/logo\/image\/","url":"http:\/\/saaepar.org\/wp\/wp-content\/uploads\/2016\/07\/logo_saaepar_150x149.jpg","contentUrl":"http:\/\/saaepar.org\/wp\/wp-content\/uploads\/2016\/07\/logo_saaepar_150x149.jpg","width":150,"height":149,"caption":"Saaepar"},"image":{"@id":"https:\/\/saaepar.org\/#\/schema\/logo\/image\/"}}]}},"_links":{"self":[{"href":"https:\/\/saaepar.org\/index.php\/wp-json\/wp\/v2\/pages\/147"}],"collection":[{"href":"https:\/\/saaepar.org\/index.php\/wp-json\/wp\/v2\/pages"}],"about":[{"href":"https:\/\/saaepar.org\/index.php\/wp-json\/wp\/v2\/types\/page"}],"author":[{"embeddable":true,"href":"https:\/\/saaepar.org\/index.php\/wp-json\/wp\/v2\/users\/1"}],"replies":[{"embeddable":true,"href":"https:\/\/saaepar.org\/index.php\/wp-json\/wp\/v2\/comments?post=147"}],"version-history":[{"count":0,"href":"https:\/\/saaepar.org\/index.php\/wp-json\/wp\/v2\/pages\/147\/revisions"}],"wp:attachment":[{"href":"https:\/\/saaepar.org\/index.php\/wp-json\/wp\/v2\/media?parent=147"}],"curies":[{"name":"wp","href":"https:\/\/api.w.org\/{rel}","templated":true}]}}